{"id":90,"date":"2026-01-12T08:37:23","date_gmt":"2026-01-12T08:37:23","guid":{"rendered":"https:\/\/vdrk-online.de\/?page_id=90"},"modified":"2026-01-25T07:49:16","modified_gmt":"2026-01-25T07:49:16","slug":"guetezeicheninhaber-finden","status":"publish","type":"page","link":"https:\/\/vdrk-online.de\/?page_id=90","title":{"rendered":"G\u00fctezeicheninhaber finden"},"content":{"rendered":"\n<p>Finden Sie hier alle aktiven G\u00fctezeicheninhaber der RAL-G\u00fctegemeinschaft Grundst\u00fccksentw\u00e4sserung.<\/p>\n\n\n\n<h2 class=\"wp-block-heading\">G\u00fctezeicheninhaber suchen<\/h2>\n\n\n\n<div class=\"gb-element-d812302c\">\n<div class=\"wp-block-columns is-layout-flex wp-container-core-columns-is-layout-9d6595d7 wp-block-columns-is-layout-flex\">\n<div class=\"wp-block-column is-layout-flow wp-block-column-is-layout-flow\">\n<h4 class=\"wp-block-heading\">Bundesland<\/h4>\n\n\n<div class=\"facetwp-facet facetwp-facet-bundesland facetwp-type-dropdown\" data-name=\"bundesland\" data-type=\"dropdown\"><\/div>\n<\/div>\n\n\n\n<div class=\"wp-block-column is-layout-flow wp-block-column-is-layout-flow\">\n<h4 class=\"wp-block-heading\">Leistungen<\/h4>\n\n\n<div class=\"facetwp-facet facetwp-facet-guetezeichen facetwp-type-dropdown\" data-name=\"guetezeichen\" data-type=\"dropdown\"><\/div>\n<\/div>\n\n\n\n<div class=\"wp-block-column is-layout-flow wp-block-column-is-layout-flow\">\n<h4 class=\"wp-block-heading\">PLZ \/ Ort<\/h4>\n\n\n<div class=\"facetwp-facet facetwp-facet-umkreis facetwp-type-proximity\" data-name=\"umkreis\" data-type=\"proximity\"><\/div>\n<\/div>\n<\/div>\n<\/div>\n\n\n\n<div class=\"wp-block-columns is-layout-flex wp-container-core-columns-is-layout-9d6595d7 wp-block-columns-is-layout-flex\">\n<div class=\"wp-block-column is-layout-flow wp-block-column-is-layout-flow\">\n<div class=\"wp-block-columns is-layout-flex wp-container-core-columns-is-layout-9d6595d7 wp-block-columns-is-layout-flex\">\n<div class=\"wp-block-column is-layout-flow wp-block-column-is-layout-flow\"><div class=\"facetwp-template\" data-name=\"new_template\"><div class=\"fwpl-layout gzi-web\"><div class=\"fwpl-result r1\"><div class=\"fwpl-row el-sgowea\"><div class=\"fwpl-col fwpl-col el-qw038\"><div class=\"fwpl-item el-o63mdn\"><div class=\"gzi-card js-gzi-item\"\n     data-lat=\"\"\n     data-lng=\"\"\n     data-title=\"\"\n     data-url=\"\">\n<\/div><div class=\"fwpl-item gzi-title\">123Rohrefrei Inh. Hans-J\u00fcrgen Eter<\/div><div class=\"fwpl-item el-7wrnuc\">Hunsr\u00fcckstra\u00dfe 3<\/div><div class=\"fwpl-item gzi-plz\"><br>50169&nbsp;<\/div><div class=\"fwpl-item gzi-ort\">Kerpen<\/div><div class=\"fwpl-item gzi-tel\"><a href=\"tel:{telefon}\">+49 152 29525322<\/a><\/div><div class=\"fwpl-item gzi-mail\"><a href=\"mailto:{email}\">info@123rohrefrei.de<\/a><\/div><div class=\"fwpl-item gzi-web\"><a href=\"https:\/\/{webseite}\" target=\"_blank\">www.123rohrefrei.de<\/a><\/div><div class=\"fwpl-item el-f9uaaj\">6.7823399999999765<\/div><div class=\"fwpl-item el-qiij2t\">50.84691<\/div><div class=\"fwpl-item el-ndtgow\"><\/div>\n<\/div><\/div><\/div><\/div><div class=\"fwpl-result r2\"><div class=\"fwpl-row el-sgowea\"><div class=\"fwpl-col fwpl-col el-qw038\"><div class=\"fwpl-item el-o63mdn\"><div class=\"gzi-card js-gzi-item\"\n     data-lat=\"\"\n     data-lng=\"\"\n     data-title=\"\"\n     data-url=\"\">\n<\/div><div class=\"fwpl-item gzi-title\">A Abfluss Abflusshilfe ATN e.K.- Dieter Alfes<\/div><div class=\"fwpl-item el-7wrnuc\">Frankenstra\u00dfe 15<\/div><div class=\"fwpl-item gzi-plz\"><br>50189&nbsp;<\/div><div class=\"fwpl-item gzi-ort\">Elsdorf<\/div><div class=\"fwpl-item gzi-tel\"><a href=\"tel:{telefon}\">+49 2271 41028 \/ +49 2274 92999<\/a><\/div><div class=\"fwpl-item gzi-mail\"><a href=\"mailto:{email}\">info@atn-abflussreinigung.de<\/a><\/div><div class=\"fwpl-item gzi-web\"><a href=\"https:\/\/{webseite}\" target=\"_blank\">www.abflussreiniger.de<\/a><\/div><div class=\"fwpl-item el-f9uaaj\">6.557697800000028<\/div><div class=\"fwpl-item el-qiij2t\">50.9422952<\/div><div class=\"fwpl-item el-ndtgow\"><\/div>\n<\/div><\/div><\/div><\/div><div class=\"fwpl-result r3\"><div class=\"fwpl-row el-sgowea\"><div class=\"fwpl-col fwpl-col el-qw038\"><div class=\"fwpl-item el-o63mdn\"><div class=\"gzi-card js-gzi-item\"\n     data-lat=\"\"\n     data-lng=\"\"\n     data-title=\"\"\n     data-url=\"\">\n<\/div><div class=\"fwpl-item gzi-title\">A.R.M. - Rohrreinigung Dominic M\u00fctzel<\/div><div class=\"fwpl-item el-7wrnuc\">Bonifatiusstra\u00dfe 5<\/div><div class=\"fwpl-item gzi-plz\"><br>97725&nbsp;<\/div><div class=\"fwpl-item gzi-ort\">Elfershausen<\/div><div class=\"fwpl-item gzi-tel\"><a href=\"tel:{telefon}\">+49 97 04 \/ 3 72 05 28<\/a><\/div><div class=\"fwpl-item gzi-mail\"><a href=\"mailto:{email}\">info@arm-rohrreinigung.de<\/a><\/div><div class=\"fwpl-item gzi-web\"><a href=\"https:\/\/{webseite}\" target=\"_blank\">www.arm-rohrreinigung.de<\/a><\/div><div class=\"fwpl-item el-f9uaaj\">9.973668098449707<\/div><div class=\"fwpl-item el-qiij2t\">50.145263671875<\/div><div class=\"fwpl-item el-ndtgow\"><\/div>\n<\/div><\/div><\/div><\/div><div class=\"fwpl-result r4\"><div class=\"fwpl-row el-sgowea\"><div class=\"fwpl-col fwpl-col el-qw038\"><div class=\"fwpl-item el-o63mdn\"><div class=\"gzi-card js-gzi-item\"\n     data-lat=\"\"\n     data-lng=\"\"\n     data-title=\"\"\n     data-url=\"\">\n<\/div><div class=\"fwpl-item gzi-title\">A&T Rohrreinigungs-GmbH<\/div><div class=\"fwpl-item el-7wrnuc\">Ohiostra\u00dfe 5<\/div><div class=\"fwpl-item gzi-plz\"><br>70806&nbsp;<\/div><div class=\"fwpl-item gzi-ort\">Kornwestheim<\/div><div class=\"fwpl-item gzi-tel\"><a href=\"tel:{telefon}\">+49 711 8403232<\/a><\/div><div class=\"fwpl-item gzi-mail\"><a href=\"mailto:{email}\">info@atrohr.de<\/a><\/div><div class=\"fwpl-item gzi-web\"><a href=\"https:\/\/{webseite}\" target=\"_blank\">www.atrohr.de<\/a><\/div><div class=\"fwpl-item el-f9uaaj\">9.17971<\/div><div class=\"fwpl-item el-qiij2t\">48.82836<\/div><div class=\"fwpl-item el-ndtgow\"><\/div>\n<\/div><\/div><\/div><\/div><div class=\"fwpl-result r5\"><div class=\"fwpl-row el-sgowea\"><div class=\"fwpl-col fwpl-col el-qw038\"><div class=\"fwpl-item el-o63mdn\"><div class=\"gzi-card js-gzi-item\"\n     data-lat=\"\"\n     data-lng=\"\"\n     data-title=\"\"\n     data-url=\"\">\n<\/div><div class=\"fwpl-item gzi-title\">AA Abfluss-AS GmbH<\/div><div class=\"fwpl-item el-7wrnuc\">Niedersedlitzer Str. 61<\/div><div class=\"fwpl-item gzi-plz\"><br>01275&nbsp;<\/div><div class=\"fwpl-item gzi-ort\">Dresden<\/div><div class=\"fwpl-item gzi-tel\"><a href=\"tel:{telefon}\">+49 351 2897977<\/a><\/div><div class=\"fwpl-item gzi-mail\"><a href=\"mailto:{email}\">aa@bsaf.de<\/a><\/div><div class=\"fwpl-item gzi-web\"><a href=\"https:\/\/{webseite}\" target=\"_blank\">www.abfluss-as-dresden.de<\/a><\/div><div class=\"fwpl-item el-f9uaaj\">13.8096768<\/div><div class=\"fwpl-item el-qiij2t\">51.0051617<\/div><div class=\"fwpl-item el-ndtgow\"><\/div>\n<\/div><\/div><\/div><\/div><div class=\"fwpl-result r6\"><div class=\"fwpl-row el-sgowea\"><div class=\"fwpl-col fwpl-col el-qw038\"><div class=\"fwpl-item el-o63mdn\"><div class=\"gzi-card js-gzi-item\"\n     data-lat=\"\"\n     data-lng=\"\"\n     data-title=\"\"\n     data-url=\"\">\n<\/div><div class=\"fwpl-item gzi-title\">AAD Kanaltechnik Spindler GmbH & Co. KG<\/div><div class=\"fwpl-item el-7wrnuc\">Am Gro\u00dfen Teich 35<\/div><div class=\"fwpl-item gzi-plz\"><br>58640&nbsp;<\/div><div class=\"fwpl-item gzi-ort\">Iserlohn<\/div><div class=\"fwpl-item gzi-tel\"><a href=\"tel:{telefon}\">+49 2371 974130<\/a><\/div><div class=\"fwpl-item gzi-mail\"><a href=\"mailto:{email}\">info@kanaltechnik-spindler.de<\/a><\/div><div class=\"fwpl-item gzi-web\"><a href=\"https:\/\/{webseite}\" target=\"_blank\">www.kanaltechnik-spindler.de<\/a><\/div><div class=\"fwpl-item el-f9uaaj\">7.710280000000012<\/div><div class=\"fwpl-item el-qiij2t\">51.37717<\/div><div class=\"fwpl-item el-ndtgow\"><\/div>\n<\/div><\/div><\/div><\/div><div class=\"fwpl-result r7\"><div class=\"fwpl-row el-sgowea\"><div class=\"fwpl-col fwpl-col el-qw038\"><div class=\"fwpl-item el-o63mdn\"><div class=\"gzi-card js-gzi-item\"\n     data-lat=\"\"\n     data-lng=\"\"\n     data-title=\"\"\n     data-url=\"\">\n<\/div><div class=\"fwpl-item gzi-title\">Aarsleff Rohrsanierung GmbH<\/div><div class=\"fwpl-item el-7wrnuc\">Sulzbacher Stra\u00dfe 47<\/div><div class=\"fwpl-item gzi-plz\"><br>90552&nbsp;<\/div><div class=\"fwpl-item gzi-ort\">R\u00f6thenbach\/Pegnitz<\/div><div class=\"fwpl-item gzi-tel\"><a href=\"tel:{telefon}\">+49 911 95773-0<\/a><\/div><div class=\"fwpl-item gzi-mail\"><a href=\"mailto:{email}\">info@aarsleff-gmbh.de<\/a><\/div><div class=\"fwpl-item gzi-web\"><a href=\"https:\/\/{webseite}\" target=\"_blank\">www.aarsleff-gmbh.de<\/a><\/div><div class=\"fwpl-item el-f9uaaj\">11.25111000000004<\/div><div class=\"fwpl-item el-qiij2t\">49.49142<\/div><div class=\"fwpl-item el-ndtgow\"><\/div>\n<\/div><\/div><\/div><\/div><\/div>\n<style>\n.fwpl-layout, .fwpl-row {\n    display: grid;\n}\n.fwpl-layout.gzi-web {\n    grid-template-columns: repeat(1, 1fr);\n    grid-gap: 10px;\n}\n.fwpl-btn {\n    text-decoration: none;\n}\n.fwpl-row.el-sgowea {\n    grid-template-columns: 1fr;\n}\n@media (max-width: 480px) { \n    body .facetwp-template .fwpl-layout,  \n    body .facetwp-template-static .fwpl-layout { grid-template-columns: 1fr; } \n} \n\n<\/style>\n<\/div>\n<\/div>\n\n\n\n<div class=\"wp-block-column is-layout-flow wp-block-column-is-layout-flow\">\n<div id=\"gzi-map\" class=\"gzi-map\"><\/div>\n<\/div>\n<\/div>\n<\/div>\n<\/div>\n\n\n\n<p><\/p>\n","protected":false},"excerpt":{"rendered":"<p>Finden Sie hier alle aktiven G\u00fctezeicheninhaber der RAL-G\u00fctegemeinschaft Grundst\u00fccksentw\u00e4sserung. G\u00fctezeicheninhaber suchen Bundesland Leistungen PLZ \/ Ort<\/p>\n","protected":false},"author":1,"featured_media":0,"parent":0,"menu_order":0,"comment_status":"closed","ping_status":"closed","template":"","meta":{"_acf_changed":false,"footnotes":""},"class_list":["post-90","page","type-page","status-publish"],"acf":[],"_links":{"self":[{"href":"https:\/\/vdrk-online.de\/index.php?rest_route=\/wp\/v2\/pages\/90","targetHints":{"allow":["GET"]}}],"collection":[{"href":"https:\/\/vdrk-online.de\/index.php?rest_route=\/wp\/v2\/pages"}],"about":[{"href":"https:\/\/vdrk-online.de\/index.php?rest_route=\/wp\/v2\/types\/page"}],"author":[{"embeddable":true,"href":"https:\/\/vdrk-online.de\/index.php?rest_route=\/wp\/v2\/users\/1"}],"replies":[{"embeddable":true,"href":"https:\/\/vdrk-online.de\/index.php?rest_route=%2Fwp%2Fv2%2Fcomments&post=90"}],"version-history":[{"count":53,"href":"https:\/\/vdrk-online.de\/index.php?rest_route=\/wp\/v2\/pages\/90\/revisions"}],"predecessor-version":[{"id":1028,"href":"https:\/\/vdrk-online.de\/index.php?rest_route=\/wp\/v2\/pages\/90\/revisions\/1028"}],"wp:attachment":[{"href":"https:\/\/vdrk-online.de\/index.php?rest_route=%2Fwp%2Fv2%2Fmedia&parent=90"}],"curies":[{"name":"wp","href":"https:\/\/api.w.org\/{rel}","templated":true}]}}