{"id":1030,"date":"2026-01-25T08:14:29","date_gmt":"2026-01-25T08:14:29","guid":{"rendered":"https:\/\/vdrk-online.de\/?page_id=1030"},"modified":"2026-01-25T09:24:08","modified_gmt":"2026-01-25T09:24:08","slug":"startseite","status":"publish","type":"page","link":"https:\/\/vdrk-online.de\/?page_id=1030","title":{"rendered":"Start"},"content":{"rendered":"\n<div>\n<h1 class=\"wp-block-heading hp-card hp-section\">\u00dcberschrift H1<\/h1>\n\n\n\n<p><\/p>\n\n\n\n<div class=\"wp-block-buttons is-layout-flex wp-block-buttons-is-layout-flex\">\n<div class=\"wp-block-button\"><a class=\"wp-block-button__link wp-element-button\" rel=\"\">G\u00fctezeicheninhaber finden<\/a><\/div>\n\n\n\n<div class=\"wp-block-button\"><a class=\"wp-block-button__link wp-element-button\">G\u00fctezeichen schnell erkl\u00e4rt<\/a><\/div>\n<\/div>\n\n\n\n<hr class=\"wp-block-separator has-alpha-channel-opacity\"\/>\n<\/div>\n\n\n\n<h2 class=\"wp-block-heading hp-card hp-section\">\u00dcberschrift H2<\/h2>\n\n\n\n<div class=\"wp-block-columns hp-card hp-section is-layout-flex wp-container-core-columns-is-layout-9d6595d7 wp-block-columns-is-layout-flex\">\n<div class=\"wp-block-column is-layout-flow wp-block-column-is-layout-flow\">\n<div>\n<h3 class=\"wp-block-heading\">\u00dcberschrift H3<\/h3>\n\n\n\n<p>Text, Text<\/p>\n<\/div>\n<\/div>\n\n\n\n<div class=\"wp-block-column is-layout-flow wp-block-column-is-layout-flow\">\n<div>\n<h3 class=\"wp-block-heading\">\u00dcberschrift H3<\/h3>\n\n\n\n<p>Text, Text<\/p>\n<\/div>\n<\/div>\n\n\n\n<div class=\"wp-block-column is-layout-flow wp-block-column-is-layout-flow\">\n<div>\n<h3 class=\"wp-block-heading\">\u00dcberschrift H3<\/h3>\n\n\n\n<p>Text, Text<\/p>\n<\/div>\n<\/div>\n<\/div>\n\n\n\n<h2 class=\"wp-block-heading hp-card hp-section\">Warum RAL G\u00fctezeichen?<\/h2>\n\n\n\n<ul class=\"wp-block-list\">\n<li class=\"hp-card hp-section\">Liste<\/li>\n\n\n\n<li>Liste<\/li>\n\n\n\n<li>Liste<\/li>\n<\/ul>\n\n\n\n<h2 class=\"wp-block-heading hp-card hp-section\">G\u00fctezeichen \u00dcberblick<\/h2>\n\n\n\n<p class=\"hp-card hp-section\">Absatz<\/p>\n\n\n\n<div class=\"wp-block-buttons hp-card hp-section is-layout-flex wp-block-buttons-is-layout-flex\">\n<div class=\"wp-block-button hp-card hp-section\"><a class=\"wp-block-button__link wp-element-button\">Zur Suche<\/a><\/div>\n<\/div>\n\n\n\n<h2 class=\"wp-block-heading hp-card hp-section\">Organisation<\/h2>\n\n\n\n<p class=\"gb-text\">Das ist ein Text<\/p>\n\n\n\n<p><\/p>\n","protected":false},"excerpt":{"rendered":"<p>\u00dcberschrift H1 \u00dcberschrift H2 \u00dcberschrift H3 Text, Text \u00dcberschrift H3 Text, Text \u00dcberschrift H3 Text, Text Warum RAL G\u00fctezeichen? G\u00fctezeichen \u00dcberblick Absatz Organisation Das ist ein Text<\/p>\n","protected":false},"author":1,"featured_media":0,"parent":0,"menu_order":0,"comment_status":"closed","ping_status":"closed","template":"","meta":{"_acf_changed":false,"footnotes":""},"class_list":["post-1030","page","type-page","status-publish"],"acf":[],"_links":{"self":[{"href":"https:\/\/vdrk-online.de\/index.php?rest_route=\/wp\/v2\/pages\/1030","targetHints":{"allow":["GET"]}}],"collection":[{"href":"https:\/\/vdrk-online.de\/index.php?rest_route=\/wp\/v2\/pages"}],"about":[{"href":"https:\/\/vdrk-online.de\/index.php?rest_route=\/wp\/v2\/types\/page"}],"author":[{"embeddable":true,"href":"https:\/\/vdrk-online.de\/index.php?rest_route=\/wp\/v2\/users\/1"}],"replies":[{"embeddable":true,"href":"https:\/\/vdrk-online.de\/index.php?rest_route=%2Fwp%2Fv2%2Fcomments&post=1030"}],"version-history":[{"count":25,"href":"https:\/\/vdrk-online.de\/index.php?rest_route=\/wp\/v2\/pages\/1030\/revisions"}],"predecessor-version":[{"id":1068,"href":"https:\/\/vdrk-online.de\/index.php?rest_route=\/wp\/v2\/pages\/1030\/revisions\/1068"}],"wp:attachment":[{"href":"https:\/\/vdrk-online.de\/index.php?rest_route=%2Fwp%2Fv2%2Fmedia&parent=1030"}],"curies":[{"name":"wp","href":"https:\/\/api.w.org\/{rel}","templated":true}]}}